{"id":15,"date":"2024-07-03T14:20:42","date_gmt":"2024-07-03T14:20:42","guid":{"rendered":"httpshttps:\/\/www.otherchoice.dk\/?page_id=15"},"modified":"2025-07-09T15:12:17","modified_gmt":"2025-07-09T13:12:17","slug":"samarbejdspartnere","status":"publish","type":"page","link":"https:\/\/www.otherchoice.dk\/en\/samarbejdspartnere\/","title":{"rendered":"Collaboration partners"},"content":{"rendered":"\t\t<div data-elementor-type=\"wp-page\" data-elementor-id=\"15\" class=\"elementor elementor-15\" data-elementor-settings=\"{&quot;ha_cmc_init_switcher&quot;:&quot;no&quot;}\" data-elementor-post-type=\"page\">\n\t\t\t\t<div class=\"elementor-element elementor-element-9f3d9c8 e-flex e-con-boxed e-con e-parent\" data-id=\"9f3d9c8\" data-element_type=\"container\" data-e-type=\"container\" data-settings=\"{&quot;background_background&quot;:&quot;classic&quot;,&quot;_ha_eqh_enable&quot;:false}\">\n\t\t\t\t\t<div class=\"e-con-inner\">\n\t\t\t\t<div class=\"elementor-element elementor-element-b1c4fad elementor-widget elementor-widget-heading\" data-id=\"b1c4fad\" data-element_type=\"widget\" data-e-type=\"widget\" data-widget_type=\"heading.default\">\n\t\t\t\t<div class=\"elementor-widget-container\">\n\t\t\t\t\t<h1 class=\"elementor-heading-title elementor-size-default\">SAMARBEJDE SKABER MERV\u00c6RDI<\/h1>\t\t\t\t<\/div>\n\t\t\t\t<\/div>\n\t\t\t\t<div class=\"elementor-element elementor-element-5009f0f elementor-widget elementor-widget-text-editor\" data-id=\"5009f0f\" data-element_type=\"widget\" data-e-type=\"widget\" data-widget_type=\"text-editor.default\">\n\t\t\t\t<div class=\"elementor-widget-container\">\n\t\t\t\t\t\t\t\t\t<p>Hos TOC tror vi p\u00e5, at samarbejde skaber merv\u00e6rdi for vores kunder. Vi samarbejder derfor med en r\u00e6kke virksomheder, som kan hj\u00e6lpe dig med at finde de bedste l\u00f8sninger til at optimere driften af din virksomhed, s\u00e5 grundlaget for at sikre en fortsat udvikling og v\u00e6kst er til stede.<\/p>\t\t\t\t\t\t\t\t<\/div>\n\t\t\t\t<\/div>\n\t\t\t\t\t<\/div>\n\t\t\t\t<\/div>\n\t\t<div class=\"elementor-element elementor-element-734abc6 e-grid e-con-boxed e-con e-parent\" data-id=\"734abc6\" data-element_type=\"container\" data-e-type=\"container\" data-settings=\"{&quot;_ha_eqh_enable&quot;:false}\">\n\t\t\t\t\t<div class=\"e-con-inner\">\n\t\t<div class=\"elementor-element elementor-element-42f6a78 e-con-full e-flex e-con e-child\" data-id=\"42f6a78\" data-element_type=\"container\" data-e-type=\"container\" data-settings=\"{&quot;_ha_eqh_enable&quot;:false}\">\n\t\t\t\t<div class=\"elementor-element elementor-element-9808f4a elementor-widget elementor-widget-link-in-bio-var-2\" data-id=\"9808f4a\" data-element_type=\"widget\" data-e-type=\"widget\" data-widget_type=\"link-in-bio-var-2.default\">\n\t\t\t\t<div class=\"elementor-widget-container\">\n\t\t\t\t\t\t\t<div class=\"e-link-in-bio e-link-in-bio-var-2\">\n\t\t\t<div class=\"e-link-in-bio__content\">\n\n\t\t\t\t\t\t<div class=\"e-link-in-bio__identity\">\n\t\t\t\t\t\t\t\t\t<div class=\"e-link-in-bio__identity-image e-link-in-bio__identity-image-cover\">\n\t\t\t\t\t\t\t<img loading=\"lazy\" decoding=\"async\" width=\"300\" height=\"300\" src=\"https:\/\/www.otherchoice.dk\/wp-content\/uploads\/customers_laughing-300x300.jpg\" class=\"e-link-in-bio__identity-image-element\" alt=\"\" srcset=\"https:\/\/www.otherchoice.dk\/wp-content\/uploads\/customers_laughing-300x300.jpg 300w, https:\/\/www.otherchoice.dk\/wp-content\/uploads\/customers_laughing-150x150.jpg 150w, https:\/\/www.otherchoice.dk\/wp-content\/uploads\/customers_laughing-12x12.jpg 12w, https:\/\/www.otherchoice.dk\/wp-content\/uploads\/customers_laughing.jpg 500w\" sizes=\"auto, (max-width: 300px) 100vw, 300px\" \/>\t\t\t\t\t\t\t\t\t\t\t\t\t<\/div>\n\t\t\t\t\t\t\t\t\t\t\t<div class=\"e-link-in-bio__identity-image e-link-in-bio__identity-image-profile has-style-circle\">\n\t\t\t\t\t\t\t<img loading=\"lazy\" decoding=\"async\" width=\"200\" height=\"200\" src=\"https:\/\/www.otherchoice.dk\/wp-content\/uploads\/Logo-Systemkob.jpg\" class=\"e-link-in-bio__identity-image-element\" alt=\"\" srcset=\"https:\/\/www.otherchoice.dk\/wp-content\/uploads\/Logo-Systemkob.jpg 200w, https:\/\/www.otherchoice.dk\/wp-content\/uploads\/Logo-Systemkob-150x150.jpg 150w, https:\/\/www.otherchoice.dk\/wp-content\/uploads\/Logo-Systemkob-12x12.jpg 12w\" sizes=\"auto, (max-width: 200px) 100vw, 200px\" \/>\t\t\t\t\t\t\t\t\t\t\t\t\t<\/div>\n\t\t\t\t\t\t\t<\/div>\n\t\t\t\t\t<div class=\"e-link-in-bio__bio\">\n\t\t\t\t<h2 class=\"e-link-in-bio__heading\">Systemk\u00f8b<\/h2>\t\t\t\t<h3 class=\"e-link-in-bio__title\">Velkommen til Danmarks mest v\u00e6rdiskabende indk\u00f8bssamarbejde<\/h3>\t\t\t\t\t\t\t\t<p class=\"e-link-in-bio__description\"> Vi sikrer foodservicebranchen billigere indk\u00f8b, bedre vilk\u00e5r og redskaber til at v\u00e6kste\nVi tilbyder gratis medlemskab, som giver dig talrige rabatter p\u00e5 dine indk\u00f8b og adgang til en lang r\u00e6kke ydelser og services.\n\nDer er nok at se til i hverdagen, n\u00e5r man driver et hotel, en kro, en restaurant eller en caf\u00e9. Med et medlemskab af Systemk\u00f8b giver vi dig redskaberne til at f\u00e5 mere tid og bedre overblik. Vi hj\u00e6lper dig med at v\u00e6kste.\n\nMedlemskabet er gratis.<\/p>\t\t\t<\/div>\n\t\t\t\n\t\t<div class=\"e-link-in-bio__ctas has-type-button\">\n\t\t\t\t\t\t\t<a href=\"https:\/\/www.systemkob.dk\/\" target=\"_blank\" rel=\"noopener \" class=\"e-link-in-bio__cta is-type-button has-border has-corners-round\">\n\t\t\t\t\t\t\t\t\t\t<span class=\"e-link-in-bio__cta-text\">\n\t\t\t\t\t\tL\u00e6s mere\t\t\t\t\t<\/span>\n\t\t\t\t<\/a>\n\t\t\t\t\t<\/div>\n\t\t\t\t<div class=\"e-link-in-bio__icons has-size-small\">\n\t\t\t\t\t\t\t<div class=\"e-link-in-bio__icon is-size-small\">\n\t\t\t\t\t<a aria-label=\"Email\" class=\"e-link-in-bio__icon-link\" href=\"mailto:info@systemkob.dk\">\n\t\t\t\t\t\t<span class=\"e-link-in-bio__icon-svg\">\n\t\t\t\t\t\t\t<i aria-hidden=\"true\" class=\"fas fa-envelope\"><\/i>\t\t\t\t\t\t<\/span>\n\t\t\t\t\t\t\t\t\t\t\t<\/a>\n\t\t\t\t<\/div>\n\t\t\t\t\t<\/div>\n\t\t\n\t\t\t<\/div>\n\t\t\t<div class=\"e-link-in-bio__bg\">\n\t\t\t\t<div class=\"e-link-in-bio__bg-overlay\"><\/div>\n\t\t\t<\/div>\n\t\t<\/div>\n\t\t\t\t\t\t<\/div>\n\t\t\t\t<\/div>\n\t\t\t\t<\/div>\n\t\t<div class=\"elementor-element elementor-element-cea0766 e-con-full e-flex e-con e-child\" data-id=\"cea0766\" data-element_type=\"container\" data-e-type=\"container\" data-settings=\"{&quot;_ha_eqh_enable&quot;:false}\">\n\t\t\t\t<div class=\"elementor-element elementor-element-bc1f667 elementor-widget elementor-widget-link-in-bio-var-2\" data-id=\"bc1f667\" data-element_type=\"widget\" data-e-type=\"widget\" data-widget_type=\"link-in-bio-var-2.default\">\n\t\t\t\t<div class=\"elementor-widget-container\">\n\t\t\t\t\t\t\t<div class=\"e-link-in-bio e-link-in-bio-var-2\">\n\t\t\t<div class=\"e-link-in-bio__content\">\n\n\t\t\t\t\t\t<div class=\"e-link-in-bio__identity\">\n\t\t\t\t\t\t\t\t\t<div class=\"e-link-in-bio__identity-image e-link-in-bio__identity-image-cover\">\n\t\t\t\t\t\t\t<img loading=\"lazy\" decoding=\"async\" width=\"200\" height=\"300\" src=\"https:\/\/www.otherchoice.dk\/wp-content\/uploads\/2024\/08\/DRC-foto-banner-200x300.jpg\" class=\"e-link-in-bio__identity-image-element\" alt=\"to kvinder der smiler mend de forberede kage\" srcset=\"https:\/\/www.otherchoice.dk\/wp-content\/uploads\/2024\/08\/DRC-foto-banner-200x300.jpg 200w, https:\/\/www.otherchoice.dk\/wp-content\/uploads\/2024\/08\/DRC-foto-banner-683x1024.jpg 683w, https:\/\/www.otherchoice.dk\/wp-content\/uploads\/2024\/08\/DRC-foto-banner-768x1152.jpg 768w, https:\/\/www.otherchoice.dk\/wp-content\/uploads\/2024\/08\/DRC-foto-banner-1024x1536.jpg 1024w, https:\/\/www.otherchoice.dk\/wp-content\/uploads\/2024\/08\/DRC-foto-banner-1366x2048.jpg 1366w, https:\/\/www.otherchoice.dk\/wp-content\/uploads\/2024\/08\/DRC-foto-banner.jpg 1707w\" sizes=\"auto, (max-width: 200px) 100vw, 200px\" \/>\t\t\t\t\t\t\t\t\t\t\t\t\t<\/div>\n\t\t\t\t\t\t\t\t\t\t\t<div class=\"e-link-in-bio__identity-image e-link-in-bio__identity-image-profile has-style-circle\">\n\t\t\t\t\t\t\t<img loading=\"lazy\" decoding=\"async\" width=\"300\" height=\"300\" src=\"https:\/\/www.otherchoice.dk\/wp-content\/uploads\/2024\/07\/drc-logo-300x300-1.jpg\" class=\"e-link-in-bio__identity-image-element\" alt=\"\" srcset=\"https:\/\/www.otherchoice.dk\/wp-content\/uploads\/2024\/07\/drc-logo-300x300-1.jpg 300w, https:\/\/www.otherchoice.dk\/wp-content\/uploads\/2024\/07\/drc-logo-300x300-1-150x150.jpg 150w\" sizes=\"auto, (max-width: 300px) 100vw, 300px\" \/>\t\t\t\t\t\t\t\t\t\t\t\t\t<\/div>\n\t\t\t\t\t\t\t<\/div>\n\t\t\t\t\t<div class=\"e-link-in-bio__bio\">\n\t\t\t\t<h2 class=\"e-link-in-bio__heading\">Danmarks Restauranter &amp; Caf\u00e9er<\/h2>\t\t\t\t<h3 class=\"e-link-in-bio__title\">Restaurant\u00f8rernes Brancheorginisation<\/h3>\t\t\t\t\t\t\t\t<p class=\"e-link-in-bio__description\">Danmarks Restauranter &amp; Caf\u00e9er, DRC, er Danmarks st\u00f8rste uafh\u00e6ngige brancheforening p\u00e5 restaurationsomr\u00e5det d\u00e6kkende restauranter, caf\u00e9er, barer og natklubber. Med ca. 1500 medlemmer, fordelt over hele landet, udg\u00f8r vi en st\u00e6rk stemme b\u00e5de nationalt og lokalt. Vi varetager branchens politiske interesser og leverer unik og branchespecifik juridisk lovgivning. Derudover vejleder vi dagligt vores medlemmer indenfor HR- og ESG-omr\u00e5det og tilbyder uddannelser og kurser samt besparende medlemsfordele, der i mange tilf\u00e6lde modsvarer prisen p\u00e5 medlemskontingentet.<\/p>\t\t\t<\/div>\n\t\t\t\n\t\t<div class=\"e-link-in-bio__ctas has-type-button\">\n\t\t\t\t\t\t\t<a href=\"https:\/\/www.thehost.dk\/\" target=\"_blank\" rel=\"noopener \" class=\"e-link-in-bio__cta is-type-button has-border has-corners-round\">\n\t\t\t\t\t\t\t\t\t\t<span class=\"e-link-in-bio__cta-text\">\n\t\t\t\t\t\tL\u00e6s mere\t\t\t\t\t<\/span>\n\t\t\t\t<\/a>\n\t\t\t\t\t<\/div>\n\t\t\t\t<div class=\"e-link-in-bio__icons has-size-small\">\n\t\t\t\t\t\t\t<div class=\"e-link-in-bio__icon is-size-small\">\n\t\t\t\t\t<a aria-label=\"Email\" class=\"e-link-in-bio__icon-link\" href=\"mailto:drc@thehost.dk\">\n\t\t\t\t\t\t<span class=\"e-link-in-bio__icon-svg\">\n\t\t\t\t\t\t\t<i aria-hidden=\"true\" class=\"fas fa-envelope\"><\/i>\t\t\t\t\t\t<\/span>\n\t\t\t\t\t\t\t\t\t\t\t<\/a>\n\t\t\t\t<\/div>\n\t\t\t\t\t<\/div>\n\t\t\n\t\t\t<\/div>\n\t\t\t<div class=\"e-link-in-bio__bg\">\n\t\t\t\t<div class=\"e-link-in-bio__bg-overlay\"><\/div>\n\t\t\t<\/div>\n\t\t<\/div>\n\t\t\t\t\t\t<\/div>\n\t\t\t\t<\/div>\n\t\t\t\t<\/div>\n\t\t<div class=\"elementor-element elementor-element-af55a03 e-con-full e-flex e-con e-child\" data-id=\"af55a03\" data-element_type=\"container\" data-e-type=\"container\" data-settings=\"{&quot;_ha_eqh_enable&quot;:&quot;yes&quot;,&quot;_ha_eqh_widget&quot;:[&quot;link-in-bio-var-2&quot;],&quot;_ha_eqh_to&quot;:&quot;widget&quot;,&quot;_ha_eqh_disable_on_mobile&quot;:&quot;yes&quot;}\">\n\t\t\t\t<div class=\"elementor-element elementor-element-dcffa4a elementor-widget elementor-widget-link-in-bio-var-2\" data-id=\"dcffa4a\" data-element_type=\"widget\" data-e-type=\"widget\" data-widget_type=\"link-in-bio-var-2.default\">\n\t\t\t\t<div class=\"elementor-widget-container\">\n\t\t\t\t\t\t\t<div class=\"e-link-in-bio e-link-in-bio-var-2\">\n\t\t\t<div class=\"e-link-in-bio__content\">\n\n\t\t\t\t\t\t<div class=\"e-link-in-bio__identity\">\n\t\t\t\t\t\t\t\t\t<div class=\"e-link-in-bio__identity-image e-link-in-bio__identity-image-cover\">\n\t\t\t\t\t\t\t<img loading=\"lazy\" decoding=\"async\" width=\"300\" height=\"200\" src=\"https:\/\/www.otherchoice.dk\/wp-content\/uploads\/2024\/08\/En-barista-kigger-paa-sin-telefon-og-indberetter-sygedagpenge.tablet-300x200.jpg\" class=\"e-link-in-bio__identity-image-element\" alt=\"En-barista-kigger-paa-sin-telefon-og-indberetter-sygedagpenge.tablet\" srcset=\"https:\/\/www.otherchoice.dk\/wp-content\/uploads\/2024\/08\/En-barista-kigger-paa-sin-telefon-og-indberetter-sygedagpenge.tablet-300x200.jpg 300w, https:\/\/www.otherchoice.dk\/wp-content\/uploads\/2024\/08\/En-barista-kigger-paa-sin-telefon-og-indberetter-sygedagpenge.tablet-768x512.jpg 768w, https:\/\/www.otherchoice.dk\/wp-content\/uploads\/2024\/08\/En-barista-kigger-paa-sin-telefon-og-indberetter-sygedagpenge.tablet.jpg 800w\" sizes=\"auto, (max-width: 300px) 100vw, 300px\" \/>\t\t\t\t\t\t\t\t\t\t\t\t\t<\/div>\n\t\t\t\t\t\t\t\t\t\t\t<div class=\"e-link-in-bio__identity-image e-link-in-bio__identity-image-profile has-style-circle\">\n\t\t\t\t\t\t\t<img loading=\"lazy\" decoding=\"async\" width=\"300\" height=\"300\" src=\"https:\/\/www.otherchoice.dk\/wp-content\/uploads\/Untitled-design-300x300.png\" class=\"e-link-in-bio__identity-image-element\" alt=\"\" srcset=\"https:\/\/www.otherchoice.dk\/wp-content\/uploads\/Untitled-design-300x300.png 300w, https:\/\/www.otherchoice.dk\/wp-content\/uploads\/Untitled-design-150x150.png 150w, https:\/\/www.otherchoice.dk\/wp-content\/uploads\/Untitled-design-12x12.png 12w, https:\/\/www.otherchoice.dk\/wp-content\/uploads\/Untitled-design.png 500w\" sizes=\"auto, (max-width: 300px) 100vw, 300px\" \/>\t\t\t\t\t\t\t\t\t\t\t\t\t<\/div>\n\t\t\t\t\t\t\t<\/div>\n\t\t\t\t\t<div class=\"e-link-in-bio__bio\">\n\t\t\t\t<h2 class=\"e-link-in-bio__heading\">Min Refusion<\/h2>\t\t\t\t<h3 class=\"e-link-in-bio__title\">Vi g\u00f8r det nemt at drive virksomhed<\/h3>\t\t\t\t\t\t\t\t<p class=\"e-link-in-bio__description\">MinRefusion hj\u00e6lper virksomheder i alle st\u00f8rrelser med at f\u00e5 udbetalt refusion for sygdom og barsel helt automatisk. Vores software henter frav\u00e6r direkte fra l\u00f8n- og tidsregistreringssystemer og indberetter til det offentlige, n\u00e5r din virksomhed har ret til refusion. Du sparer derfor tid p\u00e5 at skulle indtaste den samme frav\u00e6rsinformation og stamdata p\u00e5 medarbejdere i flere forskellige systemer, og du slipper for at bruge den offentlige platform. Siden 2006 har vi hjulpet mere end 8.000 kunder med at sikre refusioner - fejlfrit, enkelt og automatisk. Slip for besv\u00e6ret og lad MinRefusion h\u00e5ndtere refusionerne.<\/p>\t\t\t<\/div>\n\t\t\t\n\t\t<div class=\"e-link-in-bio__ctas has-type-button\">\n\t\t\t\t\t\t\t<a href=\"https:\/\/www.minrefusion.dk\/\" target=\"_blank\" rel=\"noopener \" class=\"e-link-in-bio__cta is-type-button has-border has-corners-round\">\n\t\t\t\t\t\t\t\t\t\t<span class=\"e-link-in-bio__cta-text\">\n\t\t\t\t\t\tL\u00e6s mere\t\t\t\t\t<\/span>\n\t\t\t\t<\/a>\n\t\t\t\t\t<\/div>\n\t\t\t\t<div class=\"e-link-in-bio__icons has-size-small\">\n\t\t\t\t\t\t\t<div class=\"e-link-in-bio__icon is-size-small\">\n\t\t\t\t\t<a aria-label=\"Telephone\" class=\"e-link-in-bio__icon-link\" href=\"tel:+4531155155\">\n\t\t\t\t\t\t<span class=\"e-link-in-bio__icon-svg\">\n\t\t\t\t\t\t\t<i aria-hidden=\"true\" class=\"fas fa-phone-alt\"><\/i>\t\t\t\t\t\t<\/span>\n\t\t\t\t\t\t\t\t\t\t\t<\/a>\n\t\t\t\t<\/div>\n\t\t\t\t\t<\/div>\n\t\t\n\t\t\t<\/div>\n\t\t\t<div class=\"e-link-in-bio__bg\">\n\t\t\t\t<div class=\"e-link-in-bio__bg-overlay\"><\/div>\n\t\t\t<\/div>\n\t\t<\/div>\n\t\t\t\t\t\t<\/div>\n\t\t\t\t<\/div>\n\t\t\t\t<\/div>\n\t\t\t\t<div class=\"elementor-element elementor-element-144e02a elementor-widget elementor-widget-link-in-bio-var-2\" data-id=\"144e02a\" data-element_type=\"widget\" data-e-type=\"widget\" data-widget_type=\"link-in-bio-var-2.default\">\n\t\t\t\t<div class=\"elementor-widget-container\">\n\t\t\t\t\t\t\t<div class=\"e-link-in-bio e-link-in-bio-var-2\">\n\t\t\t<div class=\"e-link-in-bio__content\">\n\n\t\t\t\t\t\t<div class=\"e-link-in-bio__identity\">\n\t\t\t\t\t\t\t\t\t<div class=\"e-link-in-bio__identity-image e-link-in-bio__identity-image-cover\">\n\t\t\t\t\t\t\t<img loading=\"lazy\" decoding=\"async\" width=\"300\" height=\"190\" src=\"https:\/\/www.otherchoice.dk\/wp-content\/uploads\/2024\/08\/fugl-og-leonhardt-photo-300x190.png\" class=\"e-link-in-bio__identity-image-element\" alt=\"\" srcset=\"https:\/\/www.otherchoice.dk\/wp-content\/uploads\/2024\/08\/fugl-og-leonhardt-photo-300x190.png 300w, https:\/\/www.otherchoice.dk\/wp-content\/uploads\/2024\/08\/fugl-og-leonhardt-photo-1024x650.png 1024w, https:\/\/www.otherchoice.dk\/wp-content\/uploads\/2024\/08\/fugl-og-leonhardt-photo-768x488.png 768w, https:\/\/www.otherchoice.dk\/wp-content\/uploads\/2024\/08\/fugl-og-leonhardt-photo.png 1260w\" sizes=\"auto, (max-width: 300px) 100vw, 300px\" \/>\t\t\t\t\t\t\t\t\t\t\t\t\t<\/div>\n\t\t\t\t\t\t\t\t\t\t\t<div class=\"e-link-in-bio__identity-image e-link-in-bio__identity-image-profile has-style-circle\">\n\t\t\t\t\t\t\t<img loading=\"lazy\" decoding=\"async\" width=\"300\" height=\"300\" src=\"https:\/\/www.otherchoice.dk\/wp-content\/uploads\/2024\/07\/fuglleonhardtlogo-web-300x300-1.jpg\" class=\"e-link-in-bio__identity-image-element\" alt=\"\" srcset=\"https:\/\/www.otherchoice.dk\/wp-content\/uploads\/2024\/07\/fuglleonhardtlogo-web-300x300-1.jpg 300w, https:\/\/www.otherchoice.dk\/wp-content\/uploads\/2024\/07\/fuglleonhardtlogo-web-300x300-1-150x150.jpg 150w\" sizes=\"auto, (max-width: 300px) 100vw, 300px\" \/>\t\t\t\t\t\t\t\t\t\t\t\t\t<\/div>\n\t\t\t\t\t\t\t<\/div>\n\t\t\t\t\t<div class=\"e-link-in-bio__bio\">\n\t\t\t\t<h2 class=\"e-link-in-bio__heading\">Fugl Leonhardt<\/h2>\t\t\t\t<h3 class=\"e-link-in-bio__title\">Vi Matcher Potentialet<\/h3>\t\t\t\t\t\t\t\t<p class=\"e-link-in-bio__description\">Fugl Leonhardt er et landsd\u00e6kkende rekrutterings- og headhuntingsbureau, med mange \u00e5rs erfaring og speciale i hotel, restaurant- og servicebranchen. Vi hj\u00e6lper dig med at finde den helt rette kandidat til en given ledig stilling i din virksomhed. Vi g\u00e5r altid til en opgave med fortrolighed, diskretion og stor omhyggelighed for at sikre den bedste l\u00f8sning og en vellykket rekrutteringsproces for dig og din virksomhed.<\/p>\t\t\t<\/div>\n\t\t\t\n\t\t<div class=\"e-link-in-bio__ctas has-type-button\">\n\t\t\t\t\t\t\t<a href=\"https:\/\/fuglleonhardt.dk\/\" target=\"_blank\" rel=\"noopener \" class=\"e-link-in-bio__cta is-type-button has-border has-corners-round\">\n\t\t\t\t\t\t\t\t\t\t<span class=\"e-link-in-bio__cta-text\">\n\t\t\t\t\t\tL\u00e6s mere\t\t\t\t\t<\/span>\n\t\t\t\t<\/a>\n\t\t\t\t\t<\/div>\n\t\t\t\t<div class=\"e-link-in-bio__icons has-size-small\">\n\t\t\t\t\t\t\t<div class=\"e-link-in-bio__icon is-size-small\">\n\t\t\t\t\t<a aria-label=\"Telephone\" class=\"e-link-in-bio__icon-link\" href=\"tel:77%2033%2000%2000\">\n\t\t\t\t\t\t<span class=\"e-link-in-bio__icon-svg\">\n\t\t\t\t\t\t\t<i aria-hidden=\"true\" class=\"fas fa-phone-alt\"><\/i>\t\t\t\t\t\t<\/span>\n\t\t\t\t\t\t\t\t\t\t\t<\/a>\n\t\t\t\t<\/div>\n\t\t\t\t\t<\/div>\n\t\t\n\t\t\t<\/div>\n\t\t\t<div class=\"e-link-in-bio__bg\">\n\t\t\t\t<div class=\"e-link-in-bio__bg-overlay\"><\/div>\n\t\t\t<\/div>\n\t\t<\/div>\n\t\t\t\t\t\t<\/div>\n\t\t\t\t<\/div>\n\t\t\t\t\t<\/div>\n\t\t\t\t<\/div>\n\t\t<div class=\"elementor-element elementor-element-0fd740d e-flex e-con-boxed e-con e-parent\" data-id=\"0fd740d\" data-element_type=\"container\" data-e-type=\"container\" data-settings=\"{&quot;background_background&quot;:&quot;classic&quot;,&quot;_ha_eqh_enable&quot;:false}\">\n\t\t\t\t\t<div class=\"e-con-inner\">\n\t\t<div class=\"elementor-element elementor-element-541e794 e-con-full e-flex e-con e-child\" data-id=\"541e794\" data-element_type=\"container\" data-e-type=\"container\" data-settings=\"{&quot;_ha_eqh_enable&quot;:false}\">\n\t\t\t\t<div class=\"elementor-element elementor-element-dfd23ee elementor-widget elementor-widget-heading\" data-id=\"dfd23ee\" data-element_type=\"widget\" data-e-type=\"widget\" data-widget_type=\"heading.default\">\n\t\t\t\t<div class=\"elementor-widget-container\">\n\t\t\t\t\t<h2 class=\"elementor-heading-title elementor-size-default\">vi hj\u00e6lper hvor du mangler kompetencerne<\/h2>\t\t\t\t<\/div>\n\t\t\t\t<\/div>\n\t\t\t\t<div class=\"elementor-element elementor-element-9eb8ca2 elementor-widget elementor-widget-text-editor\" data-id=\"9eb8ca2\" data-element_type=\"widget\" data-e-type=\"widget\" data-widget_type=\"text-editor.default\">\n\t\t\t\t<div class=\"elementor-widget-container\">\n\t\t\t\t\t\t\t\t\t<p>Det kunne eksempelvis v\u00e6re i forbindelse med udvikling af koncept, indretning, ny visuel identitet, driftsbudgetter, markedsf\u00f8ring eller presseh\u00e5ndtering. Eller udarbejdelse af menuer, opskrifter og alt andet, der skal til for at opn\u00e5 en god og sund forretning. Vi tilbyder kompetente partnere indenfor alle relevante omr\u00e5der i restaurations-, hotel- og oplevelsesindustrien.<\/p>\t\t\t\t\t\t\t\t<\/div>\n\t\t\t\t<\/div>\n\t\t\t\t<div class=\"elementor-element elementor-element-ce6fde1 elementor-align-left elementor-widget elementor-widget-button\" data-id=\"ce6fde1\" data-element_type=\"widget\" data-e-type=\"widget\" data-widget_type=\"button.default\">\n\t\t\t\t<div class=\"elementor-widget-container\">\n\t\t\t\t\t\t\t\t\t<div class=\"elementor-button-wrapper\">\n\t\t\t\t\t<a class=\"elementor-button elementor-button-link elementor-size-sm\" href=\"https:\/\/https:\/\/www.otherchoice.dk\/moed-toc\/#specialister\">\n\t\t\t\t\t\t<span class=\"elementor-button-content-wrapper\">\n\t\t\t\t\t\t\t\t\t<span class=\"elementor-button-text\">M\u00f8d vores specialister<\/span>\n\t\t\t\t\t<\/span>\n\t\t\t\t\t<\/a>\n\t\t\t\t<\/div>\n\t\t\t\t\t\t\t\t<\/div>\n\t\t\t\t<\/div>\n\t\t\t\t<\/div>\n\t\t<div class=\"elementor-element elementor-element-a408822 e-con-full e-flex e-con e-child\" data-id=\"a408822\" data-element_type=\"container\" data-e-type=\"container\" data-settings=\"{&quot;background_background&quot;:&quot;slideshow&quot;,&quot;background_slideshow_gallery&quot;:[{&quot;id&quot;:907,&quot;url&quot;:&quot;https:\\\/\\\/https:\\\/\\\/www.otherchoice.dk\\\/wp-content\\\/uploads\\\/2024\\\/07\\\/a-person-looking-at-a-menu.jpg&quot;},{&quot;id&quot;:905,&quot;url&quot;:&quot;https:\\\/\\\/https:\\\/\\\/www.otherchoice.dk\\\/wp-content\\\/uploads\\\/2024\\\/07\\\/chef-harvesting-for-produce-scaled.jpg&quot;},{&quot;id&quot;:909,&quot;url&quot;:&quot;https:\\\/\\\/https:\\\/\\\/www.otherchoice.dk\\\/wp-content\\\/uploads\\\/2024\\\/07\\\/a-cook-working-outside-preparing-a-charcuterie-.jpg&quot;},{&quot;id&quot;:908,&quot;url&quot;:&quot;https:\\\/\\\/https:\\\/\\\/www.otherchoice.dk\\\/wp-content\\\/uploads\\\/2024\\\/07\\\/enjoying-a-nice-plate-of-food-under-the-sun.jpg&quot;},{&quot;id&quot;:910,&quot;url&quot;:&quot;https:\\\/\\\/https:\\\/\\\/www.otherchoice.dk\\\/wp-content\\\/uploads\\\/2024\\\/07\\\/a-group-of-people-sitting-by-the-taable-in-front-of-a-window.jpg&quot;},{&quot;id&quot;:903,&quot;url&quot;:&quot;https:\\\/\\\/https:\\\/\\\/www.otherchoice.dk\\\/wp-content\\\/uploads\\\/2024\\\/07\\\/ambitious-studio-rick-barrett-UpBKTlQldJM-unsplash.jpg&quot;},{&quot;id&quot;:911,&quot;url&quot;:&quot;https:\\\/\\\/https:\\\/\\\/www.otherchoice.dk\\\/wp-content\\\/uploads\\\/2024\\\/07\\\/a-barista-pouring-milk-to-make-cafe-latte.jpg&quot;}],&quot;background_slideshow_slide_duration&quot;:1000,&quot;background_slideshow_loop&quot;:&quot;yes&quot;,&quot;background_slideshow_slide_transition&quot;:&quot;fade&quot;,&quot;background_slideshow_transition_duration&quot;:500,&quot;_ha_eqh_enable&quot;:false}\">\n\t\t\t\t<\/div>\n\t\t\t\t\t<\/div>\n\t\t\t\t<\/div>\n\t\t\t\t<\/div>\n\t\t","protected":false},"excerpt":{"rendered":"<p>SAMARBEJDE SKABER MERV\u00c6RDI Hos TOC tror vi p\u00e5, at samarbejde skaber merv\u00e6rdi for vores kunder. Vi samarbejder derfor med en r\u00e6kke virksomheder, som kan hj\u00e6lpe dig med at finde de bedste l\u00f8sninger til at optimere driften af din virksomhed, s\u00e5 grundlaget for at sikre en fortsat udvikling og v\u00e6kst er til stede. Systemk\u00f8b Velkommen til [&hellip;]<\/p>\n","protected":false},"author":1,"featured_media":0,"parent":0,"menu_order":0,"comment_status":"closed","ping_status":"closed","template":"","meta":{"_acf_changed":false,"footnotes":""},"class_list":["post-15","page","type-page","status-publish","hentry"],"acf":[],"_links":{"self":[{"href":"https:\/\/www.otherchoice.dk\/en\/wp-json\/wp\/v2\/pages\/15","targetHints":{"allow":["GET"]}}],"collection":[{"href":"https:\/\/www.otherchoice.dk\/en\/wp-json\/wp\/v2\/pages"}],"about":[{"href":"https:\/\/www.otherchoice.dk\/en\/wp-json\/wp\/v2\/types\/page"}],"author":[{"embeddable":true,"href":"https:\/\/www.otherchoice.dk\/en\/wp-json\/wp\/v2\/users\/1"}],"replies":[{"embeddable":true,"href":"https:\/\/www.otherchoice.dk\/en\/wp-json\/wp\/v2\/comments?post=15"}],"version-history":[{"count":25,"href":"https:\/\/www.otherchoice.dk\/en\/wp-json\/wp\/v2\/pages\/15\/revisions"}],"predecessor-version":[{"id":2805,"href":"https:\/\/www.otherchoice.dk\/en\/wp-json\/wp\/v2\/pages\/15\/revisions\/2805"}],"wp:attachment":[{"href":"https:\/\/www.otherchoice.dk\/en\/wp-json\/wp\/v2\/media?parent=15"}],"curies":[{"name":"wp","href":"https:\/\/api.w.org\/{rel}","templated":true}]}}