{"id":2889,"date":"2026-01-12T12:17:27","date_gmt":"2026-01-12T11:17:27","guid":{"rendered":"https:\/\/www.otherchoice.dk\/?page_id=2889"},"modified":"2026-03-12T10:58:34","modified_gmt":"2026-03-12T09:58:34","slug":"events","status":"publish","type":"page","link":"https:\/\/www.otherchoice.dk\/en\/events\/","title":{"rendered":"Events"},"content":{"rendered":"<div data-elementor-type=\"wp-page\" data-elementor-id=\"2889\" class=\"elementor elementor-2889\" data-elementor-settings=\"{&quot;ha_cmc_init_switcher&quot;:&quot;no&quot;}\" data-elementor-post-type=\"page\">\n\t\t\t\t<div class=\"elementor-element elementor-element-555eb57b e-flex e-con-boxed e-con e-parent\" data-id=\"555eb57b\" data-element_type=\"container\" data-e-type=\"container\" data-settings=\"{&quot;background_background&quot;:&quot;classic&quot;,&quot;_ha_eqh_enable&quot;:false}\">\n\t\t\t\t\t<div class=\"e-con-inner\">\n\t\t\t\t<div class=\"elementor-element elementor-element-4e62dae1 elementor-widget elementor-widget-heading\" data-id=\"4e62dae1\" data-element_type=\"widget\" data-e-type=\"widget\" data-widget_type=\"heading.default\">\n\t\t\t\t<div class=\"elementor-widget-container\">\n\t\t\t\t\t<h2 class=\"elementor-heading-title elementor-size-default\">Our events<\/h2>\t\t\t\t<\/div>\n\t\t\t\t<\/div>\n\t\t\t\t<div class=\"elementor-element elementor-element-314e01bf elementor-widget elementor-widget-text-editor\" data-id=\"314e01bf\" data-element_type=\"widget\" data-e-type=\"widget\" data-widget_type=\"text-editor.default\">\n\t\t\t\t<div class=\"elementor-widget-container\">\n\t\t\t\t\t\t\t\t\t<p class=\" translation-block\">TOC hosts events for and with experienced industry professionals, where knowledge, experiences and insight are shared. <br>You can get inspiration, sparring and new perspectives - just like in a strong community with a focus on development and collaboration.<\/p>\t\t\t\t\t\t\t\t<\/div>\n\t\t\t\t<\/div>\n\t\t\t\t\t<\/div>\n\t\t\t\t<\/div>\n\t\t<div class=\"elementor-element elementor-element-7db6138 e-flex e-con-boxed e-con e-parent\" data-id=\"7db6138\" data-element_type=\"container\" data-e-type=\"container\" data-settings=\"{&quot;_ha_eqh_enable&quot;:false}\">\n\t\t\t\t\t<div class=\"e-con-inner\">\n\t\t\t\t\t<\/div>\n\t\t\t\t<\/div>\n\t\t<div class=\"elementor-element elementor-element-1dfea074 e-flex e-con-boxed e-con e-parent\" data-id=\"1dfea074\" data-element_type=\"container\" data-e-type=\"container\" data-settings=\"{&quot;background_background&quot;:&quot;classic&quot;}\">\n\t\t\t\t\t<div class=\"e-con-inner\">\n\t\t<div class=\"elementor-element elementor-element-17e3d481 e-con-full e-flex e-con e-child\" data-id=\"17e3d481\" data-element_type=\"container\" data-e-type=\"container\" data-settings=\"{&quot;background_background&quot;:&quot;classic&quot;,&quot;_ha_eqh_enable&quot;:false}\">\n\t\t\t\t<div class=\"elementor-element elementor-element-a40ab2e elementor-widget elementor-widget-heading\" data-id=\"a40ab2e\" data-element_type=\"widget\" data-e-type=\"widget\" data-widget_type=\"heading.default\">\n\t\t\t\t<div class=\"elementor-widget-container\">\n\t\t\t\t\t<h1 class=\"elementor-heading-title elementor-size-default\">APR<br>21<\/h1>\t\t\t\t<\/div>\n\t\t\t\t<\/div>\n\t\t\t\t<\/div>\n\t\t<div class=\"elementor-element elementor-element-c72418c e-con-full e-flex e-con e-child\" data-id=\"c72418c\" data-element_type=\"container\" data-e-type=\"container\" data-settings=\"{&quot;_ha_eqh_enable&quot;:false}\">\n\t\t\t\t<div class=\"elementor-element elementor-element-5963ea elementor-widget elementor-widget-image\" data-id=\"5963ea\" data-element_type=\"widget\" data-e-type=\"widget\" data-widget_type=\"image.default\">\n\t\t\t\t<div class=\"elementor-widget-container\">\n\t\t\t\t\t\t\t\t\t\t\t\t\t\t\t<img loading=\"lazy\" decoding=\"async\" width=\"800\" height=\"600\" src=\"https:\/\/www.otherchoice.dk\/wp-content\/uploads\/Foto-fiskekuttere-1024x768.jpg\" class=\"attachment-large size-large wp-image-3134\" alt=\"\" srcset=\"https:\/\/www.otherchoice.dk\/wp-content\/uploads\/Foto-fiskekuttere-1024x768.jpg 1024w, https:\/\/www.otherchoice.dk\/wp-content\/uploads\/Foto-fiskekuttere-300x225.jpg 300w, https:\/\/www.otherchoice.dk\/wp-content\/uploads\/Foto-fiskekuttere-768x576.jpg 768w, https:\/\/www.otherchoice.dk\/wp-content\/uploads\/Foto-fiskekuttere-1536x1152.jpg 1536w, https:\/\/www.otherchoice.dk\/wp-content\/uploads\/Foto-fiskekuttere-2048x1536.jpg 2048w, https:\/\/www.otherchoice.dk\/wp-content\/uploads\/Foto-fiskekuttere-16x12.jpg 16w\" sizes=\"auto, (max-width: 800px) 100vw, 800px\" \/>\t\t\t\t\t\t\t\t\t\t\t\t\t\t\t<\/div>\n\t\t\t\t<\/div>\n\t\t\t\t<\/div>\n\t\t<div class=\"elementor-element elementor-element-4dcb3d05 e-con-full e-flex e-con e-child\" data-id=\"4dcb3d05\" data-element_type=\"container\" data-e-type=\"container\" data-settings=\"{&quot;_ha_eqh_enable&quot;:false}\">\n\t\t\t\t<div class=\"elementor-element elementor-element-808979a elementor-widget elementor-widget-text-editor\" data-id=\"808979a\" data-element_type=\"widget\" data-e-type=\"widget\" data-widget_type=\"text-editor.default\">\n\t\t\t\t<div class=\"elementor-widget-container\">\n\t\t\t\t\t\t\t\t\t<p>Time: 10.00-13.00<\/p><p>Where: Br\u00f8nnum Food Lab, Ellek\u00e6r 10, Herlev<\/p>\t\t\t\t\t\t\t\t<\/div>\n\t\t\t\t<\/div>\n\t\t\t\t<div class=\"elementor-element elementor-element-65c0a3d2 elementor-widget elementor-widget-text-editor\" data-id=\"65c0a3d2\" data-element_type=\"widget\" data-e-type=\"widget\" data-widget_type=\"text-editor.default\">\n\t\t\t\t<div class=\"elementor-widget-container\">\n\t\t\t\t\t\t\t\t\t<p>TOC invites you to an inspiring morning in collaboration with Insula Fersk Fisk in Br\u00f8nnum Food Lab.<\/p><p>Gustaf Olafsson from Insula Fersk Fisk presents a new and groundbreaking concept for flash freezing of fish.<\/p><p>Insula Fersk Fisk and Dansk Cater collaborate with Thorup Strand on environmentally friendly fishing.\u00a0<\/p><p>The method optimally preserves the freshness, structure and taste of the fish. At the same time, Insula collaborates with 8 fishing boats from Thorup Strand, which fish gently and sustainably.<\/p>\t\t\t\t\t\t\t\t<\/div>\n\t\t\t\t<\/div>\n\t\t\t\t<div class=\"elementor-element elementor-element-a12f2fa elementor-widget elementor-widget-heading\" data-id=\"a12f2fa\" data-element_type=\"widget\" data-e-type=\"widget\" data-widget_type=\"heading.default\">\n\t\t\t\t<div class=\"elementor-widget-container\">\n\t\t\t\t\t<h2 class=\"elementor-heading-title elementor-size-default\">A morning in collaboration with Insula Fersk Fisk in Br\u00f8nnum Food lab.\n<\/h2>\t\t\t\t<\/div>\n\t\t\t\t<\/div>\n\t\t\t\t<div class=\"elementor-element elementor-element-6058fcba elementor-align-left elementor-mobile-align-center elementor-widget elementor-widget-button\" data-id=\"6058fcba\" data-element_type=\"widget\" data-e-type=\"widget\" data-widget_type=\"button.default\">\n\t\t\t\t<div class=\"elementor-widget-container\">\n\t\t\t\t\t\t\t\t\t<div class=\"elementor-button-wrapper\">\n\t\t\t\t\t<a class=\"elementor-button elementor-button-link elementor-size-sm\" href=\"https:\/\/www.otherchoice.dk\/product\/formiddag-i-samarbejde-med-insula-fersk-fisk-i-broennum-foodlab\/\">\n\t\t\t\t\t\t<span class=\"elementor-button-content-wrapper\">\n\t\t\t\t\t\t\t\t\t<span class=\"elementor-button-text\">Read more about it <\/span>\n\t\t\t\t\t<\/span>\n\t\t\t\t\t<\/a>\n\t\t\t\t<\/div>\n\t\t\t\t\t\t\t\t<\/div>\n\t\t\t\t<\/div>\n\t\t\t\t<\/div>\n\t\t\t\t\t<\/div>\n\t\t\t\t<\/div>\n\t\t\t\t<\/div>","protected":false},"excerpt":{"rendered":"<p>Vores events TOC afholder events for og med erfarne branchefolk, hvor der deles viden, erfaringer og indsigt. Du kan f\u00e5 inspiration, sparring og nye perspektiver &#8211; ligesom i et st\u00e6rkt f\u00e6lleskab med fokus p\u00e5 udvikling og samarbejde. APR21 Tid: 10.00-13.00 Hvor: Br\u00f8nnum Food Lab, Ellek\u00e6r 10, Herlev TOC inviterer til en inspirerende formiddag i samarbejde [&hellip;]<\/p>\n","protected":false},"author":7,"featured_media":0,"parent":0,"menu_order":0,"comment_status":"closed","ping_status":"closed","template":"","meta":{"_acf_changed":false,"footnotes":""},"class_list":["post-2889","page","type-page","status-publish","hentry"],"acf":[],"_links":{"self":[{"href":"https:\/\/www.otherchoice.dk\/en\/wp-json\/wp\/v2\/pages\/2889","targetHints":{"allow":["GET"]}}],"collection":[{"href":"https:\/\/www.otherchoice.dk\/en\/wp-json\/wp\/v2\/pages"}],"about":[{"href":"https:\/\/www.otherchoice.dk\/en\/wp-json\/wp\/v2\/types\/page"}],"author":[{"embeddable":true,"href":"https:\/\/www.otherchoice.dk\/en\/wp-json\/wp\/v2\/users\/7"}],"replies":[{"embeddable":true,"href":"https:\/\/www.otherchoice.dk\/en\/wp-json\/wp\/v2\/comments?post=2889"}],"version-history":[{"count":130,"href":"https:\/\/www.otherchoice.dk\/en\/wp-json\/wp\/v2\/pages\/2889\/revisions"}],"predecessor-version":[{"id":3556,"href":"https:\/\/www.otherchoice.dk\/en\/wp-json\/wp\/v2\/pages\/2889\/revisions\/3556"}],"wp:attachment":[{"href":"https:\/\/www.otherchoice.dk\/en\/wp-json\/wp\/v2\/media?parent=2889"}],"curies":[{"name":"wp","href":"https:\/\/api.w.org\/{rel}","templated":true}]}}