{"id":307,"date":"2024-07-10T11:00:15","date_gmt":"2024-07-10T11:00:15","guid":{"rendered":""},"modified":"2026-03-11T13:50:26","modified_gmt":"2026-03-11T12:50:26","slug":"kontakt","status":"publish","type":"page","link":"https:\/\/www.otherchoice.dk\/en\/kontakt\/","title":{"rendered":"Contact us"},"content":{"rendered":"\t\t<div data-elementor-type=\"wp-page\" data-elementor-id=\"307\" class=\"elementor elementor-307\" data-elementor-settings=\"{&quot;ha_cmc_init_switcher&quot;:&quot;no&quot;}\" data-elementor-post-type=\"page\">\n\t\t\t\t<div class=\"elementor-element elementor-element-141d5a2d e-flex e-con-boxed e-con e-parent\" data-id=\"141d5a2d\" data-element_type=\"container\" data-e-type=\"container\" data-settings=\"{&quot;background_background&quot;:&quot;classic&quot;,&quot;_ha_eqh_enable&quot;:false}\">\n\t\t\t\t\t<div class=\"e-con-inner\">\n\t\t\t\t<div class=\"elementor-element elementor-element-29d6baf8 elementor-widget elementor-widget-heading\" data-id=\"29d6baf8\" data-element_type=\"widget\" data-e-type=\"widget\" data-widget_type=\"heading.default\">\n\t\t\t\t<div class=\"elementor-widget-container\">\n\t\t\t\t\t<h1 class=\"elementor-heading-title elementor-size-default\">Kontakt os<\/h1>\t\t\t\t<\/div>\n\t\t\t\t<\/div>\n\t\t\t\t<div class=\"elementor-element elementor-element-100600d9 elementor-widget elementor-widget-text-editor\" data-id=\"100600d9\" data-element_type=\"widget\" data-e-type=\"widget\" data-widget_type=\"text-editor.default\">\n\t\t\t\t<div class=\"elementor-widget-container\">\n\t\t\t\t\t\t\t\t\t<p>Vil du have r\u00e5d og professionel sparring til at opn\u00e5 succes med din restaurant eller hotel?<br \/>Send os en besked, s\u00e5 finder vi den perfekte l\u00f8sning til dig.<\/p>\t\t\t\t\t\t\t\t<\/div>\n\t\t\t\t<\/div>\n\t\t\t\t\t<\/div>\n\t\t\t\t<\/div>\n\t\t<div class=\"elementor-element elementor-element-38399d0a e-flex e-con-boxed e-con e-parent\" data-id=\"38399d0a\" data-element_type=\"container\" data-e-type=\"container\" data-settings=\"{&quot;background_background&quot;:&quot;classic&quot;,&quot;_ha_eqh_enable&quot;:false}\">\n\t\t\t\t\t<div class=\"e-con-inner\">\n\t\t<div class=\"elementor-element elementor-element-6e4509ce e-con-full e-flex e-con e-child\" data-id=\"6e4509ce\" data-element_type=\"container\" data-e-type=\"container\" data-settings=\"{&quot;background_background&quot;:&quot;classic&quot;,&quot;_ha_eqh_enable&quot;:false}\">\n\t\t\t\t<div class=\"elementor-element elementor-element-4bbb8fa0 elementor-widget elementor-widget-heading\" data-id=\"4bbb8fa0\" data-element_type=\"widget\" data-e-type=\"widget\" data-widget_type=\"heading.default\">\n\t\t\t\t<div class=\"elementor-widget-container\">\n\t\t\t\t\t<h2 class=\"elementor-heading-title elementor-size-default\">send os en besked<\/h2>\t\t\t\t<\/div>\n\t\t\t\t<\/div>\n\t\t\t\t<div class=\"elementor-element elementor-element-174d41c elementor-widget elementor-widget-text-editor\" data-id=\"174d41c\" data-element_type=\"widget\" data-e-type=\"widget\" data-widget_type=\"text-editor.default\">\n\t\t\t\t<div class=\"elementor-widget-container\">\n\t\t\t\t\t\t\t\t\t<p>Du er altid velkommen til at ringe til os p\u00e5 +45 23 74 65 90.<\/p>\t\t\t\t\t\t\t\t<\/div>\n\t\t\t\t<\/div>\n\t\t\t\t<div class=\"elementor-element elementor-element-4681c590 elementor-button-align-start elementor-tablet-button-align-end elementor-mobile-button-align-stretch elementor-widget elementor-widget-form\" data-id=\"4681c590\" data-element_type=\"widget\" data-e-type=\"widget\" data-settings=\"{&quot;step_next_label&quot;:&quot;Next&quot;,&quot;step_previous_label&quot;:&quot;Previous&quot;,&quot;step_type&quot;:&quot;number_text&quot;,&quot;step_icon_shape&quot;:&quot;circle&quot;}\" data-widget_type=\"form.default\">\n\t\t\t\t<div class=\"elementor-widget-container\">\n\t\t\t\t\t\t\t<form class=\"elementor-form\" method=\"post\" name=\"F\u00e5 et gratis r\u00e5d Form\" aria-label=\"F\u00e5 et gratis r\u00e5d Form\">\n\t\t\t<input type=\"hidden\" name=\"post_id\" value=\"307\"\/>\n\t\t\t<input type=\"hidden\" name=\"form_id\" value=\"4681c590\"\/>\n\t\t\t<input type=\"hidden\" name=\"referer_title\" value=\"Kontakt - The O Choice\" \/>\n\n\t\t\t\t\t\t\t<input type=\"hidden\" name=\"queried_id\" value=\"307\"\/>\n\t\t\t\n\t\t\t<div class=\"elementor-form-fields-wrapper elementor-labels-above\">\n\t\t\t\t\t\t\t\t<div class=\"elementor-field-type-text elementor-field-group elementor-column elementor-field-group-name elementor-col-50 elementor-field-required elementor-mark-required\">\n\t\t\t\t\t\t\t\t\t\t\t\t<label for=\"form-field-name\" class=\"elementor-field-label\">\n\t\t\t\t\t\t\t\tNavn\t\t\t\t\t\t\t<\/label>\n\t\t\t\t\t\t\t\t\t\t\t\t\t\t<input size=\"1\" type=\"text\" name=\"form_fields[name]\" id=\"form-field-name\" class=\"elementor-field elementor-size-md  elementor-field-textual\" placeholder=\"Indtast navn\" required=\"required\">\n\t\t\t\t\t\t\t\t\t\t\t<\/div>\n\t\t\t\t\t\t\t\t<div class=\"elementor-field-type-text\">\n\t\t\t\t\t<input size=\"1\" type=\"text\" name=\"form_fields[lastname]\" id=\"form-field-lastname\" class=\"elementor-field elementor-size-md \" style=\"display:none !important;\">\t\t\t\t<\/div>\n\t\t\t\t\t\t\t\t<div class=\"elementor-field-type-email elementor-field-group elementor-column elementor-field-group-email elementor-col-50 elementor-field-required elementor-mark-required\">\n\t\t\t\t\t\t\t\t\t\t\t\t<label for=\"form-field-email\" class=\"elementor-field-label\">\n\t\t\t\t\t\t\t\tEmail\t\t\t\t\t\t\t<\/label>\n\t\t\t\t\t\t\t\t\t\t\t\t\t\t<input size=\"1\" type=\"email\" name=\"form_fields[email]\" id=\"form-field-email\" class=\"elementor-field elementor-size-md  elementor-field-textual\" placeholder=\"Indtast email\" required=\"required\">\n\t\t\t\t\t\t\t\t\t\t\t<\/div>\n\t\t\t\t\t\t\t\t<div class=\"elementor-field-type-tel elementor-field-group elementor-column elementor-field-group-num elementor-col-100 elementor-field-required elementor-mark-required\">\n\t\t\t\t\t\t\t\t\t\t\t\t<label for=\"form-field-num\" class=\"elementor-field-label\">\n\t\t\t\t\t\t\t\tTelefonnummer\t\t\t\t\t\t\t<\/label>\n\t\t\t\t\t\t\t\t<input size=\"1\" type=\"tel\" name=\"form_fields[num]\" id=\"form-field-num\" class=\"elementor-field elementor-size-md  elementor-field-textual\" placeholder=\"Indtast telefonnummer\" required=\"required\" pattern=\"[0-9()#&amp;+*-=.]+\" title=\"Kun tal og telefonkarakterer (#,-,*, o.s.v.) accepteres.\">\n\n\t\t\t\t\t\t<\/div>\n\t\t\t\t\t\t\t\t<div class=\"elementor-field-type-select elementor-field-group elementor-column elementor-field-group-sparring elementor-col-100 elementor-field-required elementor-mark-required\">\n\t\t\t\t\t\t\t\t\t\t\t\t<label for=\"form-field-sparring\" class=\"elementor-field-label\">\n\t\t\t\t\t\t\t\tSe hvad du kan f\u00e5 hj\u00e6lp til\t\t\t\t\t\t\t<\/label>\n\t\t\t\t\t\t\t\t<div class=\"elementor-field elementor-select-wrapper remove-before \">\n\t\t\t<div class=\"select-caret-down-wrapper\">\n\t\t\t\t<i aria-hidden=\"true\" class=\"eicon-caret-down\"><\/i>\t\t\t<\/div>\n\t\t\t<select name=\"form_fields[sparring]\" id=\"form-field-sparring\" class=\"elementor-field-textual elementor-size-md\" required=\"required\">\n\t\t\t\t\t\t\t\t\t<option value=\"V\u00e6lg hvilken sparring, du har behov for\">V\u00e6lg hvilken sparring, du har behov for<\/option>\n\t\t\t\t\t\t\t\t\t<option value=\"Koncept og forretningsudvikling\">Koncept og forretningsudvikling<\/option>\n\t\t\t\t\t\t\t\t\t<option value=\"Salg, markedsf\u00f8ring, presseh\u00e5ndtering\">Salg, markedsf\u00f8ring, presseh\u00e5ndtering<\/option>\n\t\t\t\t\t\t\t\t\t<option value=\"Personale og drift\">Personale og drift<\/option>\n\t\t\t\t\t\t\t\t\t<option value=\"\u00d8konomi og forsikring\">\u00d8konomi og forsikring<\/option>\n\t\t\t\t\t\t\t\t\t<option value=\"HR, lovgivning og IT\">HR, lovgivning og IT<\/option>\n\t\t\t\t\t\t\t\t\t<option value=\"Bygninger og indretning\">Bygninger og indretning<\/option>\n\t\t\t\t\t\t\t<\/select>\n\t\t<\/div>\n\t\t\t\t\t\t<\/div>\n\t\t\t\t\t\t\t\t<div class=\"elementor-field-type-textarea elementor-field-group elementor-column elementor-field-group-message elementor-col-100 elementor-field-required elementor-mark-required\">\n\t\t\t\t\t\t\t\t\t\t\t\t<label for=\"form-field-message\" class=\"elementor-field-label\">\n\t\t\t\t\t\t\t\tBesked\t\t\t\t\t\t\t<\/label>\n\t\t\t\t\t\t<textarea class=\"elementor-field-textual elementor-field  elementor-size-md\" name=\"form_fields[message]\" id=\"form-field-message\" rows=\"6\" placeholder=\"Hvordan kan vi hj\u00e6lpe dig?\" required=\"required\"><\/textarea>\t\t\t\t<\/div>\n\t\t\t\t\t\t\t\t<div class=\"elementor-field-group elementor-column elementor-field-type-submit elementor-col-100 e-form__buttons\">\n\t\t\t\t\t<button class=\"elementor-button elementor-size-sm\" type=\"submit\">\n\t\t\t\t\t\t<span class=\"elementor-button-content-wrapper\">\n\t\t\t\t\t\t\t\t\t\t\t\t\t\t\t\t\t\t\t\t\t\t<span class=\"elementor-button-text\">Send<\/span>\n\t\t\t\t\t\t\t\t\t\t\t\t\t<\/span>\n\t\t\t\t\t<\/button>\n\t\t\t\t<\/div>\n\t\t\t<\/div>\n\t\t<\/form>\n\t\t\t\t\t\t<\/div>\n\t\t\t\t<\/div>\n\t\t<div class=\"elementor-element elementor-element-628d15b4 e-con-full e-flex e-con e-child\" data-id=\"628d15b4\" data-element_type=\"container\" data-e-type=\"container\" data-settings=\"{&quot;_ha_eqh_enable&quot;:false}\">\n\t\t<div class=\"elementor-element elementor-element-93993c3 e-con-full e-flex e-con e-child\" data-id=\"93993c3\" data-element_type=\"container\" data-e-type=\"container\" data-settings=\"{&quot;_ha_eqh_enable&quot;:false}\">\n\t\t\t\t<div class=\"elementor-element elementor-element-604c57eb elementor-widget elementor-widget-text-editor\" data-id=\"604c57eb\" data-element_type=\"widget\" data-e-type=\"widget\" data-widget_type=\"text-editor.default\">\n\t\t\t\t<div class=\"elementor-widget-container\">\n\t\t\t\t\t\t\t\t\t<p>Fjordager 19<br \/>4040 Jyllinge<\/p>\t\t\t\t\t\t\t\t<\/div>\n\t\t\t\t<\/div>\n\t\t\t\t<\/div>\n\t\t<div class=\"elementor-element elementor-element-2f03d0b8 e-con-full e-flex e-con e-child\" data-id=\"2f03d0b8\" data-element_type=\"container\" data-e-type=\"container\" data-settings=\"{&quot;_ha_eqh_enable&quot;:false}\">\n\t\t\t\t<div class=\"elementor-element elementor-element-e269424 elementor-widget elementor-widget-text-editor\" data-id=\"e269424\" data-element_type=\"widget\" data-e-type=\"widget\" data-widget_type=\"text-editor.default\">\n\t\t\t\t<div class=\"elementor-widget-container\">\n\t\t\t\t\t\t\t\t\t<p>Cvr.: DK42903205<\/p>\t\t\t\t\t\t\t\t<\/div>\n\t\t\t\t<\/div>\n\t\t\t\t<\/div>\n\t\t<div class=\"elementor-element elementor-element-36a5d8ff e-con-full e-flex e-con e-child\" data-id=\"36a5d8ff\" data-element_type=\"container\" data-e-type=\"container\" data-settings=\"{&quot;_ha_eqh_enable&quot;:false}\">\n\t\t\t\t<div class=\"elementor-element elementor-element-f95421 elementor-widget elementor-widget-text-editor\" data-id=\"f95421\" data-element_type=\"widget\" data-e-type=\"widget\" data-widget_type=\"text-editor.default\">\n\t\t\t\t<div class=\"elementor-widget-container\">\n\t\t\t\t\t\t\t\t\t<p>Tlf: 23 74 65 90<\/p>\t\t\t\t\t\t\t\t<\/div>\n\t\t\t\t<\/div>\n\t\t\t\t<\/div>\n\t\t\t\t<\/div>\n\t\t\t\t<\/div>\n\t\t<div class=\"elementor-element elementor-element-2e36c9b0 e-con-full box_height e-flex e-con e-child\" data-id=\"2e36c9b0\" data-element_type=\"container\" data-e-type=\"container\" data-settings=\"{&quot;background_background&quot;:&quot;slideshow&quot;,&quot;background_slideshow_gallery&quot;:[{&quot;id&quot;:1216,&quot;url&quot;:&quot;https:\\\/\\\/https:\\\/\\\/www.otherchoice.dk\\\/wp-content\\\/uploads\\\/2024\\\/08\\\/yohan-marion-1cfQmk9VoYI-unsplash-scaled.jpg&quot;},{&quot;id&quot;:907,&quot;url&quot;:&quot;https:\\\/\\\/https:\\\/\\\/www.otherchoice.dk\\\/wp-content\\\/uploads\\\/2024\\\/07\\\/a-person-looking-at-a-menu.jpg&quot;},{&quot;id&quot;:1221,&quot;url&quot;:&quot;https:\\\/\\\/https:\\\/\\\/www.otherchoice.dk\\\/wp-content\\\/uploads\\\/2024\\\/08\\\/Man-wirking-in-the-restaurant-lifting-a-chair.jpg&quot;},{&quot;id&quot;:905,&quot;url&quot;:&quot;https:\\\/\\\/https:\\\/\\\/www.otherchoice.dk\\\/wp-content\\\/uploads\\\/2024\\\/07\\\/chef-harvesting-for-produce-scaled.jpg&quot;},{&quot;id&quot;:911,&quot;url&quot;:&quot;https:\\\/\\\/https:\\\/\\\/www.otherchoice.dk\\\/wp-content\\\/uploads\\\/2024\\\/07\\\/a-barista-pouring-milk-to-make-cafe-latte.jpg&quot;},{&quot;id&quot;:654,&quot;url&quot;:&quot;https:\\\/\\\/https:\\\/\\\/www.otherchoice.dk\\\/wp-content\\\/uploads\\\/2024\\\/07\\\/people-sitting-at-the-table-sharing-food.avif&quot;}],&quot;background_slideshow_slide_duration&quot;:1000,&quot;background_slideshow_loop&quot;:&quot;yes&quot;,&quot;background_slideshow_slide_transition&quot;:&quot;fade&quot;,&quot;background_slideshow_transition_duration&quot;:500,&quot;_ha_eqh_enable&quot;:false}\">\n\t\t\t\t<div class=\"elementor-element elementor-element-663be72 elementor-widget elementor-widget-image\" data-id=\"663be72\" data-element_type=\"widget\" data-e-type=\"widget\" data-widget_type=\"image.default\">\n\t\t\t\t<div class=\"elementor-widget-container\">\n\t\t\t\t\t\t\t\t\t\t\t\t\t\t\t<img loading=\"lazy\" decoding=\"async\" width=\"731\" height=\"1024\" src=\"https:\/\/www.otherchoice.dk\/wp-content\/uploads\/2024\/08\/food-truck-cafe--731x1024.webp\" class=\"attachment-large size-large wp-image-1618\" alt=\"\" srcset=\"https:\/\/www.otherchoice.dk\/wp-content\/uploads\/2024\/08\/food-truck-cafe--731x1024.webp 731w, https:\/\/www.otherchoice.dk\/wp-content\/uploads\/2024\/08\/food-truck-cafe--214x300.webp 214w, https:\/\/www.otherchoice.dk\/wp-content\/uploads\/2024\/08\/food-truck-cafe--768x1075.webp 768w, https:\/\/www.otherchoice.dk\/wp-content\/uploads\/2024\/08\/food-truck-cafe--1097x1536.webp 1097w, https:\/\/www.otherchoice.dk\/wp-content\/uploads\/2024\/08\/food-truck-cafe--1463x2048.webp 1463w, https:\/\/www.otherchoice.dk\/wp-content\/uploads\/2024\/08\/food-truck-cafe--scaled.webp 1829w\" sizes=\"auto, (max-width: 731px) 100vw, 731px\" \/>\t\t\t\t\t\t\t\t\t\t\t\t\t\t\t<\/div>\n\t\t\t\t<\/div>\n\t\t\t\t<\/div>\n\t\t\t\t\t<\/div>\n\t\t\t\t<\/div>\n\t\t\t\t<\/div>\n\t\t","protected":false},"excerpt":{"rendered":"<p>Kontakt os Vil du have r\u00e5d og professionel sparring til at opn\u00e5 succes med din restaurant eller hotel?Send os en besked, s\u00e5 finder vi den perfekte l\u00f8sning til dig. send os en besked Du er altid velkommen til at ringe til os p\u00e5 +45 23 74 65 90. Fjordager 194040 Jyllinge Cvr.: DK42903205 Tlf: 23 [&hellip;]<\/p>\n","protected":false},"author":1,"featured_media":0,"parent":0,"menu_order":0,"comment_status":"closed","ping_status":"closed","template":"elementor_header_footer","meta":{"_acf_changed":false,"footnotes":""},"class_list":["post-307","page","type-page","status-publish","hentry"],"acf":[],"_links":{"self":[{"href":"https:\/\/www.otherchoice.dk\/en\/wp-json\/wp\/v2\/pages\/307","targetHints":{"allow":["GET"]}}],"collection":[{"href":"https:\/\/www.otherchoice.dk\/en\/wp-json\/wp\/v2\/pages"}],"about":[{"href":"https:\/\/www.otherchoice.dk\/en\/wp-json\/wp\/v2\/types\/page"}],"author":[{"embeddable":true,"href":"https:\/\/www.otherchoice.dk\/en\/wp-json\/wp\/v2\/users\/1"}],"replies":[{"embeddable":true,"href":"https:\/\/www.otherchoice.dk\/en\/wp-json\/wp\/v2\/comments?post=307"}],"version-history":[{"count":40,"href":"https:\/\/www.otherchoice.dk\/en\/wp-json\/wp\/v2\/pages\/307\/revisions"}],"predecessor-version":[{"id":3519,"href":"https:\/\/www.otherchoice.dk\/en\/wp-json\/wp\/v2\/pages\/307\/revisions\/3519"}],"wp:attachment":[{"href":"https:\/\/www.otherchoice.dk\/en\/wp-json\/wp\/v2\/media?parent=307"}],"curies":[{"name":"wp","href":"https:\/\/api.w.org\/{rel}","templated":true}]}}