{"id":3313,"date":"2026-03-06T15:00:09","date_gmt":"2026-03-06T14:00:09","guid":{"rendered":"https:\/\/www.otherchoice.dk\/product\/formiddag-i-samarbejde-med-insula-fersk-fisk-i-broennum-foodlab\/"},"modified":"2026-03-16T09:43:25","modified_gmt":"2026-03-16T08:43:25","slug":"formiddag-i-samarbejde-med-insula-fersk-fisk-i-broennum-foodlab","status":"publish","type":"product","link":"https:\/\/www.otherchoice.dk\/en\/product\/formiddag-i-samarbejde-med-insula-fersk-fisk-i-broennum-foodlab\/","title":{"rendered":"Formiddag i samarbejde med Insula Fersk Fisk i Br\u00f8nnum Food Lab."},"content":{"rendered":"<h2 class=\"elementor-heading-title elementor-size-default\">KAN INDFROSSET FISK SMAGE MERE FRISK END FRISK FISK?<\/h2>\n<p>&nbsp;<\/p>\n<p class=\"elementor-heading-title elementor-size-default\">Date: 21. april 2026<\/p>\n<p class=\"elementor-heading-title elementor-size-default\">Tid: 10:00 \u2013 13:00<\/p>\n<p class=\"elementor-heading-title elementor-size-default\">Price: Free<\/p>\n<p class=\"elementor-heading-title elementor-size-default\">Hvor:\u00a0 Br\u00f8nnum Foodlab, Ellek\u00e6r 10, Herlev<\/p>\n<p>&nbsp;<\/p>\n<p>Experience it for yourself in Br\u00f8nnum Foodlab.<\/p>\n<p>It may sound strange \u2013 but now you can experience and test it for yourself!<\/p>\n<p>In collaboration with Insula Fersk Fisk, TOC invites you and a colleague to an inspiring morning at Br\u00f8nnum Food Lab, themed around fish. You will have the opportunity to test the new concept under the professional and knowledgeable guidance of the renowned Michelin chef Francis Cardenau.<\/p>\n<p><span style=\"font-family: -apple-system, BlinkMacSystemFont, 'Segoe UI', Roboto, 'Helvetica Neue', Arial, 'Noto Sans', sans-serif, 'Apple Color Emoji', 'Segoe UI Emoji', 'Segoe UI Symbol', 'Noto Color Emoji'\">Gustaf Olafsson from Insula Fersk Fisk presents their new and groundbreaking concept for flash freezing fish. The method optimally preserves the freshness, structure and taste of the fish. Insula Fersk Fisk and Dansk Cater collaborate with Thorupstrand on environmentally friendly fishing.<\/span><\/p>","protected":false},"excerpt":{"rendered":"<p>KAN INDFROSSET FISK SMAGE MERE FRISK END FRISK FISK? &nbsp; Dato: 21. april 2026 Tid: 10:00 \u2013 13:00 Pris: Gratis Hvor:\u00a0 Br\u00f8nnum Foodlab, Ellek\u00e6r 10, Herlev &nbsp; Oplev det selv i Br\u00f8nnum Foodlab. Det lyder m\u00e5ske m\u00e6rkeligt \u2013 men nu kan du selv opleve og teste det! I samarbejde med Insula Fersk Fisk inviterer TOC [&hellip;]<\/p>\n","protected":false},"featured_media":3444,"template":"","meta":{"_acf_changed":false},"product_brand":[],"product_cat":[43],"product_tag":[],"class_list":{"0":"post-3313","1":"product","2":"type-product","3":"status-publish","4":"has-post-thumbnail","6":"product_cat-uncategorized","8":"first","9":"instock","10":"virtual","11":"sold-individually","12":"taxable","13":"purchasable","14":"product-type-simple"},"acf":[],"_links":{"self":[{"href":"https:\/\/www.otherchoice.dk\/en\/wp-json\/wp\/v2\/product\/3313","targetHints":{"allow":["GET"]}}],"collection":[{"href":"https:\/\/www.otherchoice.dk\/en\/wp-json\/wp\/v2\/product"}],"about":[{"href":"https:\/\/www.otherchoice.dk\/en\/wp-json\/wp\/v2\/types\/product"}],"wp:featuredmedia":[{"embeddable":true,"href":"https:\/\/www.otherchoice.dk\/en\/wp-json\/wp\/v2\/media\/3444"}],"wp:attachment":[{"href":"https:\/\/www.otherchoice.dk\/en\/wp-json\/wp\/v2\/media?parent=3313"}],"wp:term":[{"taxonomy":"product_brand","embeddable":true,"href":"https:\/\/www.otherchoice.dk\/en\/wp-json\/wp\/v2\/product_brand?post=3313"},{"taxonomy":"product_cat","embeddable":true,"href":"https:\/\/www.otherchoice.dk\/en\/wp-json\/wp\/v2\/product_cat?post=3313"},{"taxonomy":"product_tag","embeddable":true,"href":"https:\/\/www.otherchoice.dk\/en\/wp-json\/wp\/v2\/product_tag?post=3313"}],"curies":[{"name":"wp","href":"https:\/\/api.w.org\/{rel}","templated":true}]}}